{"id":3154,"date":"2022-10-04T12:32:36","date_gmt":"2022-10-04T12:32:36","guid":{"rendered":"http:\/\/revivoproject.com\/notre-histoire\/"},"modified":"2022-12-05T07:10:58","modified_gmt":"2022-12-05T07:10:58","slug":"notre-histoire","status":"publish","type":"page","link":"https:\/\/revivoproject.com\/fr\/notre-histoire\/","title":{"rendered":"Notre histoire"},"content":{"rendered":"\t\t<div data-elementor-type=\"wp-page\" data-elementor-id=\"3154\" class=\"elementor elementor-3154 elementor-23\" data-elementor-post-type=\"page\">\n\t\t\t\t\t\t\t\t\t<section class=\"wd-negative-gap elementor-section elementor-top-section elementor-element elementor-element-6b6d5de elementor-section-height-min-height elementor-section-stretched elementor-section-items-bottom elementor-section-boxed elementor-section-height-default wd-section-disabled\" data-id=\"6b6d5de\" data-element_type=\"section\" data-settings=\"{&quot;stretch_section&quot;:&quot;section-stretched&quot;,&quot;background_background&quot;:&quot;classic&quot;}\">\n\t\t\t\t\t\t\t<div class=\"elementor-background-overlay\"><\/div>\n\t\t\t\t\t\t\t<div class=\"elementor-container elementor-column-gap-default\">\n\t\t\t\t\t<div class=\"elementor-column elementor-col-100 elementor-top-column elementor-element elementor-element-92af8bd\" data-id=\"92af8bd\" data-element_type=\"column\">\n\t\t\t<div class=\"elementor-widget-wrap elementor-element-populated\">\n\t\t\t\t\t\t\t\t<div class=\"elementor-element elementor-element-b3c1d6a elementor-widget elementor-widget-image\" data-id=\"b3c1d6a\" data-element_type=\"widget\" data-widget_type=\"image.default\">\n\t\t\t\t<div class=\"elementor-widget-container\">\n\t\t\t<style>\/*! elementor - v3.18.0 - 20-12-2023 *\/\n.elementor-widget-image{text-align:center}.elementor-widget-image a{display:inline-block}.elementor-widget-image a img[src$=\".svg\"]{width:48px}.elementor-widget-image img{vertical-align:middle;display:inline-block}<\/style>\t\t\t\t\t\t\t\t\t\t\t\t<img fetchpriority=\"high\" decoding=\"async\" width=\"1024\" height=\"706\" src=\"https:\/\/revivoproject.com\/wp-content\/uploads\/2022\/10\/\u05d3\u05d3-02-e1667213178776-1024x706.png\" class=\"attachment-large size-large wp-image-2388\" alt=\"\" srcset=\"https:\/\/revivoproject.com\/wp-content\/uploads\/2022\/10\/\u05d3\u05d3-02-e1667213178776-1024x706.png 1024w, https:\/\/revivoproject.com\/wp-content\/uploads\/2022\/10\/\u05d3\u05d3-02-e1667213178776-300x207.png 300w, https:\/\/revivoproject.com\/wp-content\/uploads\/2022\/10\/\u05d3\u05d3-02-e1667213178776-768x530.png 768w, https:\/\/revivoproject.com\/wp-content\/uploads\/2022\/10\/\u05d3\u05d3-02-e1667213178776-1536x1060.png 1536w, https:\/\/revivoproject.com\/wp-content\/uploads\/2022\/10\/\u05d3\u05d3-02-e1667213178776-2048x1413.png 2048w, https:\/\/revivoproject.com\/wp-content\/uploads\/2022\/10\/\u05d3\u05d3-02-e1667213178776-600x414.png 600w, https:\/\/revivoproject.com\/wp-content\/uploads\/2022\/10\/\u05d3\u05d3-02-e1667213178776-150x103.png 150w\" sizes=\"(max-width: 1024px) 100vw, 1024px\" \/>\t\t\t\t\t\t\t\t\t\t\t\t\t\t\t<\/div>\n\t\t\t\t<\/div>\n\t\t\t\t<div class=\"elementor-element elementor-element-250d95b elementor-widget elementor-widget-heading\" data-id=\"250d95b\" data-element_type=\"widget\" data-widget_type=\"heading.default\">\n\t\t\t\t<div class=\"elementor-widget-container\">\n\t\t\t<style>\/*! elementor - v3.18.0 - 20-12-2023 *\/\n.elementor-heading-title{padding:0;margin:0;line-height:1}.elementor-widget-heading .elementor-heading-title[class*=elementor-size-]>a{color:inherit;font-size:inherit;line-height:inherit}.elementor-widget-heading .elementor-heading-title.elementor-size-small{font-size:15px}.elementor-widget-heading .elementor-heading-title.elementor-size-medium{font-size:19px}.elementor-widget-heading .elementor-heading-title.elementor-size-large{font-size:29px}.elementor-widget-heading .elementor-heading-title.elementor-size-xl{font-size:39px}.elementor-widget-heading .elementor-heading-title.elementor-size-xxl{font-size:59px}<\/style><h2 class=\"elementor-heading-title elementor-size-default\">Notre histoire<\/h2>\t\t<\/div>\n\t\t\t\t<\/div>\n\t\t\t\t<div class=\"elementor-element elementor-element-e5ee2ca elementor-widget elementor-widget-heading\" data-id=\"e5ee2ca\" data-element_type=\"widget\" data-widget_type=\"heading.default\">\n\t\t\t\t<div class=\"elementor-widget-container\">\n\t\t\t<h2 class=\"elementor-heading-title elementor-size-default\">Le projet de Revivo<\/h2>\t\t<\/div>\n\t\t\t\t<\/div>\n\t\t\t\t<div class=\"elementor-element elementor-element-3dab1ff elementor-align-center elementor-widget elementor-widget-lottie\" data-id=\"3dab1ff\" data-element_type=\"widget\" data-settings=\"{&quot;source_json&quot;:{&quot;url&quot;:&quot;https:\\\/\\\/revivoproject.com\\\/wp-content\\\/uploads\\\/2022\\\/10\\\/81766-scrolldown.json&quot;,&quot;id&quot;:77,&quot;size&quot;:&quot;&quot;,&quot;alt&quot;:&quot;&quot;,&quot;source&quot;:&quot;library&quot;},&quot;loop&quot;:&quot;yes&quot;,&quot;source&quot;:&quot;media_file&quot;,&quot;caption_source&quot;:&quot;none&quot;,&quot;link_to&quot;:&quot;none&quot;,&quot;trigger&quot;:&quot;arriving_to_viewport&quot;,&quot;viewport&quot;:{&quot;unit&quot;:&quot;%&quot;,&quot;size&quot;:&quot;&quot;,&quot;sizes&quot;:{&quot;start&quot;:0,&quot;end&quot;:100}},&quot;play_speed&quot;:{&quot;unit&quot;:&quot;px&quot;,&quot;size&quot;:1,&quot;sizes&quot;:[]},&quot;start_point&quot;:{&quot;unit&quot;:&quot;%&quot;,&quot;size&quot;:&quot;0&quot;,&quot;sizes&quot;:[]},&quot;end_point&quot;:{&quot;unit&quot;:&quot;%&quot;,&quot;size&quot;:&quot;100&quot;,&quot;sizes&quot;:[]},&quot;renderer&quot;:&quot;svg&quot;}\" data-widget_type=\"lottie.default\">\n\t\t\t\t<div class=\"elementor-widget-container\">\n\t\t\t<style>\/*! elementor-pro - v3.18.0 - 17-01-2024 *\/\n.e-lottie__container{display:inline-block;max-width:var(--lottie-container-max-width);width:var(--lottie-container-width);opacity:var(--lottie-container-opacity)}.e-lottie__container:hover{opacity:var(--lottie-container-opacity-hover);transition-duration:var(--lottie-container-transition-duration-hover)}.e-lottie__container svg,.e-lottie__container svg *{transition:none!important}.e-lottie__caption{color:var(--caption-color);margin-top:var(--caption-margin-top);text-align:var(--caption-text-align)}<\/style><div class=\"e-lottie__container\"><div class=\"e-lottie__animation\"><\/div><\/div>\t\t<\/div>\n\t\t\t\t<\/div>\n\t\t\t\t\t<\/div>\n\t\t<\/div>\n\t\t\t\t\t\t\t<\/div>\n\t\t<\/section>\n\t\t\t\t<section class=\"elementor-section elementor-top-section elementor-element elementor-element-7347b0b elementor-section-stretched elementor-section-boxed elementor-section-height-default elementor-section-height-default wd-section-disabled\" data-id=\"7347b0b\" data-element_type=\"section\" data-settings=\"{&quot;stretch_section&quot;:&quot;section-stretched&quot;,&quot;background_background&quot;:&quot;classic&quot;}\">\n\t\t\t\t\t\t<div class=\"elementor-container elementor-column-gap-default\">\n\t\t\t\t\t<div class=\"elementor-column elementor-col-100 elementor-top-column elementor-element elementor-element-76bfd26\" data-id=\"76bfd26\" data-element_type=\"column\">\n\t\t\t<div class=\"elementor-widget-wrap elementor-element-populated\">\n\t\t\t\t\t\t\t\t<div class=\"elementor-element elementor-element-50097c3 color-scheme-inherit text-left elementor-widget elementor-widget-text-editor\" data-id=\"50097c3\" data-element_type=\"widget\" data-widget_type=\"text-editor.default\">\n\t\t\t\t<div class=\"elementor-widget-container\">\n\t\t\t<style>\/*! elementor - v3.18.0 - 20-12-2023 *\/\n.elementor-widget-text-editor.elementor-drop-cap-view-stacked .elementor-drop-cap{background-color:#69727d;color:#fff}.elementor-widget-text-editor.elementor-drop-cap-view-framed .elementor-drop-cap{color:#69727d;border:3px solid;background-color:transparent}.elementor-widget-text-editor:not(.elementor-drop-cap-view-default) .elementor-drop-cap{margin-top:8px}.elementor-widget-text-editor:not(.elementor-drop-cap-view-default) .elementor-drop-cap-letter{width:1em;height:1em}.elementor-widget-text-editor .elementor-drop-cap{float:right;text-align:center;line-height:1;font-size:50px}.elementor-widget-text-editor .elementor-drop-cap-letter{display:inline-block}<\/style>\t\t\t\t<p>Le <em>projet de Revivo<\/em> est l\u2019un des groupes de musique les plus populaires en Isra\u00ebl dont le succ\u00e8s ne se d\u00e9ment pas depuis quelques ann\u00e9es. Depuis sa formation, le groupe a remport\u00e9 de nombreux prix, dont celui de \u00ab\u00a0Groupe de la d\u00e9cennie\u00a0\u00bb, \u00ab\u00a0Groupe de l\u2019ann\u00e9e\u00a0\u00bb et \u00ab\u00a0Groupe le plus chant\u00e9 dans les soir\u00e9es karaok\u00e9\u00a0\u00bb.<\/p>\n<p>Le groupe a \u00e9t\u00e9 form\u00e9 en\u00a02012 par le compositeur et cr\u00e9ateur isra\u00e9lien Raviv\u00a0Ben\u00a0Menachem et a \u00e9t\u00e9 nomm\u00e9 en son honneur. D\u2019autres sont venus compl\u00e9ter le groupe\u00a0: aux c\u00f4t\u00e9s de Raviv, son fr\u00e8re, Nir\u00a0Ben\u00a0Menachem, et leur ami proche, Elizan\u00a0Tzur.<\/p>\n<p>Le projet est devenu r\u00e9alit\u00e9 apr\u00e8s que Raviv a d\u00e9cid\u00e9 de poursuivre son r\u00eave et de faire revivre de vieilles chansons nostalgiques de son enfance. Il a commenc\u00e9 \u00e0 travailler sur des reprises en collaboration avec son ami Elizan\u00a0Tzur, quand un jour, son fr\u00e8re Nir, venu dans le studio, a enregistr\u00e9 une chanson avec eux. Agr\u00e9ablement surpris par le r\u00e9sultat, Nir a sans tarder \u00e9t\u00e9 officiellement int\u00e9gr\u00e9 dans le groupe. Et voil\u00e0 que le <em>projet de Revivo<\/em> \u00e9tait n\u00e9.<\/p>\n<p>Ces derni\u00e8res ann\u00e9es, le <em>projet de Revivo<\/em> a connu un succ\u00e8s retentissant et a donn\u00e9 naissance \u00e0 nouveau ph\u00e9nom\u00e8ne culturel, c\u00e9l\u00e9brant ainsi plus d\u2019une d\u00e9cennie de pr\u00e9sence sur sc\u00e8ne et mettant \u00e0 l\u2019honneur la bonne vieille musique isra\u00e9lienne. Le groupe a \u00e9galement su plaire et attirer l\u2019attention d\u2019un public jeune qui a embrass\u00e9 en masse ce style de musique isra\u00e9lo-m\u00e9diterran\u00e9enne.<\/p>\n<p>Derri\u00e8re ce palmar\u00e8s \u00e0 succ\u00e8s\u00a0: des centaines de millions de vues sur YouTube et sur les r\u00e9seaux sociaux, des centaines de milliers d\u2019abonn\u00e9s sur Internet, des disques d\u2019or et de platine ainsi que des dizaines de prix et de r\u00e9compenses musicales.<\/p>\n<p>Le groupe monte sur sc\u00e8ne tous les soirs en Isra\u00ebl et se produit aux quatre coins du monde\u00a0\u2013\u00a0il y a tr\u00e8s peu d\u2019endroits dans le monde o\u00f9 ils n\u2019ont pas encore jou\u00e9 ces derni\u00e8res ann\u00e9es\u00a0\u2013\u00a0y compris pour les communaut\u00e9s juives dans les lieux les plus recul\u00e9s&#8230;<\/p>\n<p>Ces derni\u00e8res ann\u00e9es, les membres du groupe ont conquis toutes les salles de spectacle les plus pris\u00e9es d\u2019Isra\u00ebl et du monde entier, que ce soit l\u2019amphith\u00e9\u00e2tre de C\u00e9sar\u00e9e ou la piscine du Sultan \u00e0 J\u00e9rusalem, le Live\u00a0Park \u00e0 Rishon\u00a0Lezion, en passant par les plus grandes salles d\u2019Europe, des \u00c9tats-Unis et d\u2019Am\u00e9rique du Sud.<\/p>\n<p>Le spectacle que donnent les membres du <em>projet de Revivo<\/em> est rythm\u00e9, vivant, immersif et plein d\u2019\u00e9motions\u00a0\u2013\u00a0ce spectacle est une exp\u00e9rience qui combine des \u00e9l\u00e9ments du juda\u00efsme et de la r\u00e9alit\u00e9 isra\u00e9lienne. Au cours du m\u00eame spectacle, les musiciens chantent les meilleurs tubes de toutes les \u00e9poques, alternant tubes d\u2019hier et d\u2019aujourd\u2019hui, style rythmique et calme, soir\u00e9es <em>hafla<\/em> et tavernes.<\/p>\n<p>Le projet est connu pour ses performances uniques, joyeuses et passionnantes adapt\u00e9es \u00e0 un public tr\u00e8s large et cosmopolite\u00a0\u2013\u00a0notre programmation change tous les jours\u00a0!<\/p>\n<p>Et au-del\u00e0 de tout cela, ils n\u2019oublient pas de faire passer leur message\u00a0\u2013\u00a0aimer l\u2019autre, en particulier, et s\u2019aimer librement plus g\u00e9n\u00e9ralement.<\/p>\n\t\t\t\t\t\t<\/div>\n\t\t\t\t<\/div>\n\t\t\t\t\t<\/div>\n\t\t<\/div>\n\t\t\t\t\t\t\t<\/div>\n\t\t<\/section>\n\t\t\t\t<section class=\"elementor-section elementor-top-section elementor-element elementor-element-d69dd29 elementor-section-stretched elementor-section-boxed elementor-section-height-default elementor-section-height-default wd-section-disabled\" data-id=\"d69dd29\" data-element_type=\"section\" data-settings=\"{&quot;stretch_section&quot;:&quot;section-stretched&quot;,&quot;background_background&quot;:&quot;classic&quot;}\">\n\t\t\t\t\t\t<div class=\"elementor-container elementor-column-gap-default\">\n\t\t\t\t\t<div class=\"elementor-column elementor-col-100 elementor-top-column elementor-element elementor-element-573f4cb\" data-id=\"573f4cb\" data-element_type=\"column\">\n\t\t\t<div class=\"elementor-widget-wrap elementor-element-populated\">\n\t\t\t\t\t\t\t\t<div class=\"elementor-element elementor-element-fbfccee elementor-widget elementor-widget-image\" data-id=\"fbfccee\" data-element_type=\"widget\" data-widget_type=\"image.default\">\n\t\t\t\t<div class=\"elementor-widget-container\">\n\t\t\t\t\t\t\t\t\t\t\t\t\t\t\t<img decoding=\"async\" width=\"473\" height=\"101\" src=\"https:\/\/revivoproject.com\/wp-content\/uploads\/2022\/10\/\u05d7\u05ea\u05d9\u05de\u05d5\u05ea-1.png\" class=\"attachment-large size-large wp-image-2213\" alt=\"\" srcset=\"https:\/\/revivoproject.com\/wp-content\/uploads\/2022\/10\/\u05d7\u05ea\u05d9\u05de\u05d5\u05ea-1.png 473w, https:\/\/revivoproject.com\/wp-content\/uploads\/2022\/10\/\u05d7\u05ea\u05d9\u05de\u05d5\u05ea-1-300x64.png 300w, https:\/\/revivoproject.com\/wp-content\/uploads\/2022\/10\/\u05d7\u05ea\u05d9\u05de\u05d5\u05ea-1-150x32.png 150w\" sizes=\"(max-width: 473px) 100vw, 473px\" \/>\t\t\t\t\t\t\t\t\t\t\t\t\t\t\t<\/div>\n\t\t\t\t<\/div>\n\t\t\t\t\t<\/div>\n\t\t<\/div>\n\t\t\t\t\t\t\t<\/div>\n\t\t<\/section>\n\t\t\t\t\t\t\t<\/div>\n\t\t","protected":false},"excerpt":{"rendered":"<p>Notre histoire Le projet de Revivo Le projet de Revivo est l\u2019un des groupes de musique les plus populaires en<\/p>\n","protected":false},"author":18,"featured_media":0,"parent":0,"menu_order":0,"comment_status":"closed","ping_status":"closed","template":"","meta":{"footnotes":""},"class_list":["post-3154","page","type-page","status-publish","hentry"],"acf":[],"yoast_head":"<!-- This site is optimized with the Yoast SEO plugin v21.9.1 - https:\/\/yoast.com\/wordpress\/plugins\/seo\/ -->\n<title>Notre histoire - \u05d4\u05e4\u05e8\u05d5\u05d9\u05e7\u05d8 \u05e9\u05dc \u05e8\u05d1\u05d9\u05d1\u05d5 \u2013 \u05d4\u05d0\u05ea\u05e8 \u05d4\u05e8\u05e9\u05de\u05d9<\/title>\n<meta name=\"robots\" content=\"index, follow, max-snippet:-1, max-image-preview:large, max-video-preview:-1\" \/>\n<link rel=\"canonical\" href=\"https:\/\/revivoproject.com\/fr\/notre-histoire\/\" \/>\n<meta property=\"og:locale\" content=\"fr_FR\" \/>\n<meta property=\"og:type\" content=\"article\" \/>\n<meta property=\"og:title\" content=\"Notre histoire - \u05d4\u05e4\u05e8\u05d5\u05d9\u05e7\u05d8 \u05e9\u05dc \u05e8\u05d1\u05d9\u05d1\u05d5 \u2013 \u05d4\u05d0\u05ea\u05e8 \u05d4\u05e8\u05e9\u05de\u05d9\" \/>\n<meta property=\"og:description\" content=\"Notre histoire Le projet de Revivo Le projet de Revivo est l\u2019un des groupes de musique les plus populaires en\" \/>\n<meta property=\"og:url\" content=\"https:\/\/revivoproject.com\/fr\/notre-histoire\/\" \/>\n<meta property=\"og:site_name\" content=\"\u05d4\u05e4\u05e8\u05d5\u05d9\u05e7\u05d8 \u05e9\u05dc \u05e8\u05d1\u05d9\u05d1\u05d5 \u2013 \u05d4\u05d0\u05ea\u05e8 \u05d4\u05e8\u05e9\u05de\u05d9\" \/>\n<meta property=\"article:modified_time\" content=\"2022-12-05T07:10:58+00:00\" \/>\n<meta name=\"twitter:card\" content=\"summary_large_image\" \/>\n<meta name=\"twitter:label1\" content=\"Dur\u00e9e de lecture estim\u00e9e\" \/>\n\t<meta name=\"twitter:data1\" content=\"3 minutes\" \/>\n<script type=\"application\/ld+json\" class=\"yoast-schema-graph\">{\"@context\":\"https:\/\/schema.org\",\"@graph\":[{\"@type\":\"WebPage\",\"@id\":\"https:\/\/revivoproject.com\/fr\/notre-histoire\/\",\"url\":\"https:\/\/revivoproject.com\/fr\/notre-histoire\/\",\"name\":\"Notre histoire - \u05d4\u05e4\u05e8\u05d5\u05d9\u05e7\u05d8 \u05e9\u05dc \u05e8\u05d1\u05d9\u05d1\u05d5 \u2013 \u05d4\u05d0\u05ea\u05e8 \u05d4\u05e8\u05e9\u05de\u05d9\",\"isPartOf\":{\"@id\":\"https:\/\/revivoproject.com\/#website\"},\"datePublished\":\"2022-10-04T12:32:36+00:00\",\"dateModified\":\"2022-12-05T07:10:58+00:00\",\"breadcrumb\":{\"@id\":\"https:\/\/revivoproject.com\/fr\/notre-histoire\/#breadcrumb\"},\"inLanguage\":\"fr-FR\",\"potentialAction\":[{\"@type\":\"ReadAction\",\"target\":[\"https:\/\/revivoproject.com\/fr\/notre-histoire\/\"]}]},{\"@type\":\"BreadcrumbList\",\"@id\":\"https:\/\/revivoproject.com\/fr\/notre-histoire\/#breadcrumb\",\"itemListElement\":[{\"@type\":\"ListItem\",\"position\":1,\"name\":\"\u05d3\u05e3 \u05d4\u05d1\u05d9\u05ea\",\"item\":\"https:\/\/revivoproject.com\/fr\/\"},{\"@type\":\"ListItem\",\"position\":2,\"name\":\"Notre histoire\"}]},{\"@type\":\"WebSite\",\"@id\":\"https:\/\/revivoproject.com\/#website\",\"url\":\"https:\/\/revivoproject.com\/\",\"name\":\"\u05d4\u05e4\u05e8\u05d5\u05d9\u05e7\u05d8 \u05e9\u05dc \u05e8\u05d1\u05d9\u05d1\u05d5 \u2013 \u05d4\u05d0\u05ea\u05e8 \u05d4\u05e8\u05e9\u05de\u05d9\",\"description\":\"\u05d4\u05d4\u05e8\u05db\u05d1 \u05d4\u05e9\u05de\u05d7 \u05d1\u05d9\u05d5\u05ea\u05e8 \u05d1\u05de\u05d3\u05d9\u05e0\u05d4!\",\"potentialAction\":[{\"@type\":\"SearchAction\",\"target\":{\"@type\":\"EntryPoint\",\"urlTemplate\":\"https:\/\/revivoproject.com\/?s={search_term_string}\"},\"query-input\":\"required name=search_term_string\"}],\"inLanguage\":\"fr-FR\"}]}<\/script>\n<!-- \/ Yoast SEO plugin. -->","yoast_head_json":{"title":"Notre histoire - \u05d4\u05e4\u05e8\u05d5\u05d9\u05e7\u05d8 \u05e9\u05dc \u05e8\u05d1\u05d9\u05d1\u05d5 \u2013 \u05d4\u05d0\u05ea\u05e8 \u05d4\u05e8\u05e9\u05de\u05d9","robots":{"index":"index","follow":"follow","max-snippet":"max-snippet:-1","max-image-preview":"max-image-preview:large","max-video-preview":"max-video-preview:-1"},"canonical":"https:\/\/revivoproject.com\/fr\/notre-histoire\/","og_locale":"fr_FR","og_type":"article","og_title":"Notre histoire - \u05d4\u05e4\u05e8\u05d5\u05d9\u05e7\u05d8 \u05e9\u05dc \u05e8\u05d1\u05d9\u05d1\u05d5 \u2013 \u05d4\u05d0\u05ea\u05e8 \u05d4\u05e8\u05e9\u05de\u05d9","og_description":"Notre histoire Le projet de Revivo Le projet de Revivo est l\u2019un des groupes de musique les plus populaires en","og_url":"https:\/\/revivoproject.com\/fr\/notre-histoire\/","og_site_name":"\u05d4\u05e4\u05e8\u05d5\u05d9\u05e7\u05d8 \u05e9\u05dc \u05e8\u05d1\u05d9\u05d1\u05d5 \u2013 \u05d4\u05d0\u05ea\u05e8 \u05d4\u05e8\u05e9\u05de\u05d9","article_modified_time":"2022-12-05T07:10:58+00:00","twitter_card":"summary_large_image","twitter_misc":{"Dur\u00e9e de lecture estim\u00e9e":"3 minutes"},"schema":{"@context":"https:\/\/schema.org","@graph":[{"@type":"WebPage","@id":"https:\/\/revivoproject.com\/fr\/notre-histoire\/","url":"https:\/\/revivoproject.com\/fr\/notre-histoire\/","name":"Notre histoire - \u05d4\u05e4\u05e8\u05d5\u05d9\u05e7\u05d8 \u05e9\u05dc \u05e8\u05d1\u05d9\u05d1\u05d5 \u2013 \u05d4\u05d0\u05ea\u05e8 \u05d4\u05e8\u05e9\u05de\u05d9","isPartOf":{"@id":"https:\/\/revivoproject.com\/#website"},"datePublished":"2022-10-04T12:32:36+00:00","dateModified":"2022-12-05T07:10:58+00:00","breadcrumb":{"@id":"https:\/\/revivoproject.com\/fr\/notre-histoire\/#breadcrumb"},"inLanguage":"fr-FR","potentialAction":[{"@type":"ReadAction","target":["https:\/\/revivoproject.com\/fr\/notre-histoire\/"]}]},{"@type":"BreadcrumbList","@id":"https:\/\/revivoproject.com\/fr\/notre-histoire\/#breadcrumb","itemListElement":[{"@type":"ListItem","position":1,"name":"\u05d3\u05e3 \u05d4\u05d1\u05d9\u05ea","item":"https:\/\/revivoproject.com\/fr\/"},{"@type":"ListItem","position":2,"name":"Notre histoire"}]},{"@type":"WebSite","@id":"https:\/\/revivoproject.com\/#website","url":"https:\/\/revivoproject.com\/","name":"\u05d4\u05e4\u05e8\u05d5\u05d9\u05e7\u05d8 \u05e9\u05dc \u05e8\u05d1\u05d9\u05d1\u05d5 \u2013 \u05d4\u05d0\u05ea\u05e8 \u05d4\u05e8\u05e9\u05de\u05d9","description":"\u05d4\u05d4\u05e8\u05db\u05d1 \u05d4\u05e9\u05de\u05d7 \u05d1\u05d9\u05d5\u05ea\u05e8 \u05d1\u05de\u05d3\u05d9\u05e0\u05d4!","potentialAction":[{"@type":"SearchAction","target":{"@type":"EntryPoint","urlTemplate":"https:\/\/revivoproject.com\/?s={search_term_string}"},"query-input":"required name=search_term_string"}],"inLanguage":"fr-FR"}]}},"_links":{"self":[{"href":"https:\/\/revivoproject.com\/fr\/wp-json\/wp\/v2\/pages\/3154","targetHints":{"allow":["GET"]}}],"collection":[{"href":"https:\/\/revivoproject.com\/fr\/wp-json\/wp\/v2\/pages"}],"about":[{"href":"https:\/\/revivoproject.com\/fr\/wp-json\/wp\/v2\/types\/page"}],"author":[{"embeddable":true,"href":"https:\/\/revivoproject.com\/fr\/wp-json\/wp\/v2\/users\/18"}],"replies":[{"embeddable":true,"href":"https:\/\/revivoproject.com\/fr\/wp-json\/wp\/v2\/comments?post=3154"}],"version-history":[{"count":2,"href":"https:\/\/revivoproject.com\/fr\/wp-json\/wp\/v2\/pages\/3154\/revisions"}],"predecessor-version":[{"id":3186,"href":"https:\/\/revivoproject.com\/fr\/wp-json\/wp\/v2\/pages\/3154\/revisions\/3186"}],"wp:attachment":[{"href":"https:\/\/revivoproject.com\/fr\/wp-json\/wp\/v2\/media?parent=3154"}],"curies":[{"name":"wp","href":"https:\/\/api.w.org\/{rel}","templated":true}]}}