{"id":3173,"date":"2022-10-04T12:36:08","date_gmt":"2022-10-04T12:36:08","guid":{"rendered":"http:\/\/revivoproject.com\/chaines-dj\/"},"modified":"2022-12-04T14:27:25","modified_gmt":"2022-12-04T14:27:25","slug":"chaines-dj","status":"publish","type":"page","link":"https:\/\/revivoproject.com\/fr\/chaines-dj\/","title":{"rendered":"Cha\u00eenes DJ"},"content":{"rendered":"\t\t<div data-elementor-type=\"wp-page\" data-elementor-id=\"3173\" class=\"elementor elementor-3173 elementor-31\" data-elementor-post-type=\"page\">\n\t\t\t\t\t\t\t\t\t<section class=\"wd-negative-gap elementor-section elementor-top-section elementor-element elementor-element-af04a31 elementor-section-height-min-height elementor-section-stretched elementor-section-items-bottom elementor-section-boxed elementor-section-height-default wd-section-disabled\" data-id=\"af04a31\" data-element_type=\"section\" data-settings=\"{&quot;stretch_section&quot;:&quot;section-stretched&quot;,&quot;background_background&quot;:&quot;classic&quot;}\">\n\t\t\t\t\t\t\t<div class=\"elementor-background-overlay\"><\/div>\n\t\t\t\t\t\t\t<div class=\"elementor-container elementor-column-gap-default\">\n\t\t\t\t\t<div class=\"elementor-column elementor-col-100 elementor-top-column elementor-element elementor-element-e36759a\" data-id=\"e36759a\" data-element_type=\"column\">\n\t\t\t<div class=\"elementor-widget-wrap elementor-element-populated\">\n\t\t\t\t\t\t\t\t<div class=\"elementor-element elementor-element-55a1691 elementor-widget elementor-widget-heading\" data-id=\"55a1691\" data-element_type=\"widget\" data-widget_type=\"heading.default\">\n\t\t\t\t<div class=\"elementor-widget-container\">\n\t\t\t<style>\/*! elementor - v3.18.0 - 20-12-2023 *\/\n.elementor-heading-title{padding:0;margin:0;line-height:1}.elementor-widget-heading .elementor-heading-title[class*=elementor-size-]>a{color:inherit;font-size:inherit;line-height:inherit}.elementor-widget-heading .elementor-heading-title.elementor-size-small{font-size:15px}.elementor-widget-heading .elementor-heading-title.elementor-size-medium{font-size:19px}.elementor-widget-heading .elementor-heading-title.elementor-size-large{font-size:29px}.elementor-widget-heading .elementor-heading-title.elementor-size-xl{font-size:39px}.elementor-widget-heading .elementor-heading-title.elementor-size-xxl{font-size:59px}<\/style><h2 class=\"elementor-heading-title elementor-size-default\">Cha\u00eenes DJ<\/h2>\t\t<\/div>\n\t\t\t\t<\/div>\n\t\t\t\t<div class=\"elementor-element elementor-element-c7cb565 elementor-widget elementor-widget-heading\" data-id=\"c7cb565\" data-element_type=\"widget\" data-widget_type=\"heading.default\">\n\t\t\t\t<div class=\"elementor-widget-container\">\n\t\t\t<h2 class=\"elementor-heading-title elementor-size-default\">Amateurs de remixes, DJs et gens de soir\u00e9es et d'\u00e9v\u00e9nements cette page est pour vous.<\/h2>\t\t<\/div>\n\t\t\t\t<\/div>\n\t\t\t\t<div class=\"elementor-element elementor-element-5710547 elementor-align-center elementor-widget elementor-widget-lottie\" data-id=\"5710547\" data-element_type=\"widget\" data-settings=\"{&quot;source_json&quot;:{&quot;url&quot;:&quot;https:\\\/\\\/revivoproject.com\\\/wp-content\\\/uploads\\\/2022\\\/10\\\/81766-scrolldown.json&quot;,&quot;id&quot;:77,&quot;size&quot;:&quot;&quot;,&quot;alt&quot;:&quot;&quot;,&quot;source&quot;:&quot;library&quot;},&quot;loop&quot;:&quot;yes&quot;,&quot;source&quot;:&quot;media_file&quot;,&quot;caption_source&quot;:&quot;none&quot;,&quot;link_to&quot;:&quot;none&quot;,&quot;trigger&quot;:&quot;arriving_to_viewport&quot;,&quot;viewport&quot;:{&quot;unit&quot;:&quot;%&quot;,&quot;size&quot;:&quot;&quot;,&quot;sizes&quot;:{&quot;start&quot;:0,&quot;end&quot;:100}},&quot;play_speed&quot;:{&quot;unit&quot;:&quot;px&quot;,&quot;size&quot;:1,&quot;sizes&quot;:[]},&quot;start_point&quot;:{&quot;unit&quot;:&quot;%&quot;,&quot;size&quot;:&quot;0&quot;,&quot;sizes&quot;:[]},&quot;end_point&quot;:{&quot;unit&quot;:&quot;%&quot;,&quot;size&quot;:&quot;100&quot;,&quot;sizes&quot;:[]},&quot;renderer&quot;:&quot;svg&quot;}\" data-widget_type=\"lottie.default\">\n\t\t\t\t<div class=\"elementor-widget-container\">\n\t\t\t<style>\/*! elementor-pro - v3.18.0 - 17-01-2024 *\/\n.e-lottie__container{display:inline-block;max-width:var(--lottie-container-max-width);width:var(--lottie-container-width);opacity:var(--lottie-container-opacity)}.e-lottie__container:hover{opacity:var(--lottie-container-opacity-hover);transition-duration:var(--lottie-container-transition-duration-hover)}.e-lottie__container svg,.e-lottie__container svg *{transition:none!important}.e-lottie__caption{color:var(--caption-color);margin-top:var(--caption-margin-top);text-align:var(--caption-text-align)}<\/style><div class=\"e-lottie__container\"><div class=\"e-lottie__animation\"><\/div><\/div>\t\t<\/div>\n\t\t\t\t<\/div>\n\t\t\t\t\t<\/div>\n\t\t<\/div>\n\t\t\t\t\t\t\t<\/div>\n\t\t<\/section>\n\t\t\t\t<section class=\"elementor-section elementor-top-section elementor-element elementor-element-2327ff8 elementor-section-stretched elementor-section-boxed elementor-section-height-default elementor-section-height-default wd-section-disabled\" data-id=\"2327ff8\" data-element_type=\"section\" data-settings=\"{&quot;stretch_section&quot;:&quot;section-stretched&quot;,&quot;background_background&quot;:&quot;classic&quot;}\">\n\t\t\t\t\t\t<div class=\"elementor-container elementor-column-gap-default\">\n\t\t\t\t\t<div class=\"elementor-column elementor-col-100 elementor-top-column elementor-element elementor-element-8dee343\" data-id=\"8dee343\" data-element_type=\"column\">\n\t\t\t<div class=\"elementor-widget-wrap elementor-element-populated\">\n\t\t\t\t\t\t<div class=\"elementor-element elementor-element-f49b575 e-flex e-con-boxed e-con e-parent\" data-id=\"f49b575\" data-element_type=\"container\" data-settings=\"{&quot;background_background&quot;:&quot;classic&quot;,&quot;content_width&quot;:&quot;boxed&quot;}\" data-core-v316-plus=\"true\">\n\t\t\t\t\t<div class=\"e-con-inner\">\n\t\t\t\t<div class=\"elementor-element elementor-element-949005d elementor-widget elementor-widget-heading\" data-id=\"949005d\" data-element_type=\"widget\" data-widget_type=\"heading.default\">\n\t\t\t\t<div class=\"elementor-widget-container\">\n\t\t\t<h2 class=\"elementor-heading-title elementor-size-default\"> Yafa Ve Tama Medley<\/h2>\t\t<\/div>\n\t\t\t\t<\/div>\n\t\t\t\t<div class=\"elementor-element elementor-element-2b0f816 elementor-widget elementor-widget-button\" data-id=\"2b0f816\" data-element_type=\"widget\" data-widget_type=\"button.default\">\n\t\t\t\t<div class=\"elementor-widget-container\">\n\t\t\t\t\t<div class=\"elementor-button-wrapper\">\n\t\t\t<a class=\"elementor-button elementor-button-link elementor-size-sm\" href=\"#\">\n\t\t\t\t\t\t<span class=\"elementor-button-content-wrapper\">\n\t\t\t\t\t\t<span class=\"elementor-button-icon elementor-align-icon-left\">\n\t\t\t\t<i aria-hidden=\"true\" class=\"fas fa-cloud-download-alt\"><\/i>\t\t\t<\/span>\n\t\t\t\t\t\t<span class=\"elementor-button-text\">pour t\u00e9l\u00e9charger un fichier de cha\u00eene<\/span>\n\t\t<\/span>\n\t\t\t\t\t<\/a>\n\t\t<\/div>\n\t\t\t\t<\/div>\n\t\t\t\t<\/div>\n\t\t\t\t\t<\/div>\n\t\t\t\t<\/div>\n\t\t<div class=\"elementor-element elementor-element-354be1a e-flex e-con-boxed e-con e-parent\" data-id=\"354be1a\" data-element_type=\"container\" data-settings=\"{&quot;background_background&quot;:&quot;classic&quot;,&quot;content_width&quot;:&quot;boxed&quot;}\" data-core-v316-plus=\"true\">\n\t\t\t\t\t<div class=\"e-con-inner\">\n\t\t\t\t<div class=\"elementor-element elementor-element-2a72fea elementor-widget elementor-widget-heading\" data-id=\"2a72fea\" data-element_type=\"widget\" data-widget_type=\"heading.default\">\n\t\t\t\t<div class=\"elementor-widget-container\">\n\t\t\t<h2 class=\"elementor-heading-title elementor-size-default\"> Yafa Ve Tama Medley<\/h2>\t\t<\/div>\n\t\t\t\t<\/div>\n\t\t\t\t<div class=\"elementor-element elementor-element-c23af3b elementor-widget elementor-widget-button\" data-id=\"c23af3b\" data-element_type=\"widget\" data-widget_type=\"button.default\">\n\t\t\t\t<div class=\"elementor-widget-container\">\n\t\t\t\t\t<div class=\"elementor-button-wrapper\">\n\t\t\t<a class=\"elementor-button elementor-button-link elementor-size-sm\" href=\"#\">\n\t\t\t\t\t\t<span class=\"elementor-button-content-wrapper\">\n\t\t\t\t\t\t<span class=\"elementor-button-icon elementor-align-icon-left\">\n\t\t\t\t<i aria-hidden=\"true\" class=\"fas fa-cloud-download-alt\"><\/i>\t\t\t<\/span>\n\t\t\t\t\t\t<span class=\"elementor-button-text\">pour t\u00e9l\u00e9charger un fichier de cha\u00eene<\/span>\n\t\t<\/span>\n\t\t\t\t\t<\/a>\n\t\t<\/div>\n\t\t\t\t<\/div>\n\t\t\t\t<\/div>\n\t\t\t\t\t<\/div>\n\t\t\t\t<\/div>\n\t\t<div class=\"elementor-element elementor-element-424ce1f e-flex e-con-boxed e-con e-parent\" data-id=\"424ce1f\" data-element_type=\"container\" data-settings=\"{&quot;background_background&quot;:&quot;classic&quot;,&quot;content_width&quot;:&quot;boxed&quot;}\" data-core-v316-plus=\"true\">\n\t\t\t\t\t<div class=\"e-con-inner\">\n\t\t\t\t<div class=\"elementor-element elementor-element-97a7868 elementor-widget elementor-widget-heading\" data-id=\"97a7868\" data-element_type=\"widget\" data-widget_type=\"heading.default\">\n\t\t\t\t<div class=\"elementor-widget-container\">\n\t\t\t<h2 class=\"elementor-heading-title elementor-size-default\"> Yafa Ve Tama Medley<\/h2>\t\t<\/div>\n\t\t\t\t<\/div>\n\t\t\t\t<div class=\"elementor-element elementor-element-5ceb6b1 elementor-widget elementor-widget-button\" data-id=\"5ceb6b1\" data-element_type=\"widget\" data-widget_type=\"button.default\">\n\t\t\t\t<div class=\"elementor-widget-container\">\n\t\t\t\t\t<div class=\"elementor-button-wrapper\">\n\t\t\t<a class=\"elementor-button elementor-button-link elementor-size-sm\" href=\"#\">\n\t\t\t\t\t\t<span class=\"elementor-button-content-wrapper\">\n\t\t\t\t\t\t<span class=\"elementor-button-icon elementor-align-icon-left\">\n\t\t\t\t<i aria-hidden=\"true\" class=\"fas fa-cloud-download-alt\"><\/i>\t\t\t<\/span>\n\t\t\t\t\t\t<span class=\"elementor-button-text\">pour t\u00e9l\u00e9charger un fichier de cha\u00eene<\/span>\n\t\t<\/span>\n\t\t\t\t\t<\/a>\n\t\t<\/div>\n\t\t\t\t<\/div>\n\t\t\t\t<\/div>\n\t\t\t\t\t<\/div>\n\t\t\t\t<\/div>\n\t\t\t\t\t<\/div>\n\t\t<\/div>\n\t\t\t\t\t\t\t<\/div>\n\t\t<\/section>\n\t\t\t\t\t\t\t<\/div>\n\t\t","protected":false},"excerpt":{"rendered":"<p>Cha\u00eenes DJ Amateurs de remixes, DJs et gens de soir\u00e9es et d&rsquo;\u00e9v\u00e9nements cette page est pour vous. Yafa Ve Tama<\/p>\n","protected":false},"author":18,"featured_media":0,"parent":0,"menu_order":0,"comment_status":"closed","ping_status":"closed","template":"","meta":{"footnotes":""},"class_list":["post-3173","page","type-page","status-publish","hentry"],"acf":[],"yoast_head":"<!-- This site is optimized with the Yoast SEO plugin v21.9.1 - https:\/\/yoast.com\/wordpress\/plugins\/seo\/ -->\n<title>Cha\u00eenes DJ - \u05d4\u05e4\u05e8\u05d5\u05d9\u05e7\u05d8 \u05e9\u05dc \u05e8\u05d1\u05d9\u05d1\u05d5 \u2013 \u05d4\u05d0\u05ea\u05e8 \u05d4\u05e8\u05e9\u05de\u05d9<\/title>\n<meta name=\"robots\" content=\"index, follow, max-snippet:-1, max-image-preview:large, max-video-preview:-1\" \/>\n<link rel=\"canonical\" href=\"https:\/\/revivoproject.com\/fr\/chaines-dj\/\" \/>\n<meta property=\"og:locale\" content=\"fr_FR\" \/>\n<meta property=\"og:type\" content=\"article\" \/>\n<meta property=\"og:title\" content=\"Cha\u00eenes DJ - \u05d4\u05e4\u05e8\u05d5\u05d9\u05e7\u05d8 \u05e9\u05dc \u05e8\u05d1\u05d9\u05d1\u05d5 \u2013 \u05d4\u05d0\u05ea\u05e8 \u05d4\u05e8\u05e9\u05de\u05d9\" \/>\n<meta property=\"og:description\" content=\"Cha\u00eenes DJ Amateurs de remixes, DJs et gens de soir\u00e9es et d&rsquo;\u00e9v\u00e9nements cette page est pour vous. Yafa Ve Tama\" \/>\n<meta property=\"og:url\" content=\"https:\/\/revivoproject.com\/fr\/chaines-dj\/\" \/>\n<meta property=\"og:site_name\" content=\"\u05d4\u05e4\u05e8\u05d5\u05d9\u05e7\u05d8 \u05e9\u05dc \u05e8\u05d1\u05d9\u05d1\u05d5 \u2013 \u05d4\u05d0\u05ea\u05e8 \u05d4\u05e8\u05e9\u05de\u05d9\" \/>\n<meta property=\"article:modified_time\" content=\"2022-12-04T14:27:25+00:00\" \/>\n<meta name=\"twitter:card\" content=\"summary_large_image\" \/>\n<script type=\"application\/ld+json\" class=\"yoast-schema-graph\">{\"@context\":\"https:\/\/schema.org\",\"@graph\":[{\"@type\":\"WebPage\",\"@id\":\"https:\/\/revivoproject.com\/fr\/chaines-dj\/\",\"url\":\"https:\/\/revivoproject.com\/fr\/chaines-dj\/\",\"name\":\"Cha\u00eenes DJ - \u05d4\u05e4\u05e8\u05d5\u05d9\u05e7\u05d8 \u05e9\u05dc \u05e8\u05d1\u05d9\u05d1\u05d5 \u2013 \u05d4\u05d0\u05ea\u05e8 \u05d4\u05e8\u05e9\u05de\u05d9\",\"isPartOf\":{\"@id\":\"https:\/\/revivoproject.com\/#website\"},\"datePublished\":\"2022-10-04T12:36:08+00:00\",\"dateModified\":\"2022-12-04T14:27:25+00:00\",\"breadcrumb\":{\"@id\":\"https:\/\/revivoproject.com\/fr\/chaines-dj\/#breadcrumb\"},\"inLanguage\":\"fr-FR\",\"potentialAction\":[{\"@type\":\"ReadAction\",\"target\":[\"https:\/\/revivoproject.com\/fr\/chaines-dj\/\"]}]},{\"@type\":\"BreadcrumbList\",\"@id\":\"https:\/\/revivoproject.com\/fr\/chaines-dj\/#breadcrumb\",\"itemListElement\":[{\"@type\":\"ListItem\",\"position\":1,\"name\":\"\u05d3\u05e3 \u05d4\u05d1\u05d9\u05ea\",\"item\":\"https:\/\/revivoproject.com\/fr\/\"},{\"@type\":\"ListItem\",\"position\":2,\"name\":\"Cha\u00eenes DJ\"}]},{\"@type\":\"WebSite\",\"@id\":\"https:\/\/revivoproject.com\/#website\",\"url\":\"https:\/\/revivoproject.com\/\",\"name\":\"\u05d4\u05e4\u05e8\u05d5\u05d9\u05e7\u05d8 \u05e9\u05dc \u05e8\u05d1\u05d9\u05d1\u05d5 \u2013 \u05d4\u05d0\u05ea\u05e8 \u05d4\u05e8\u05e9\u05de\u05d9\",\"description\":\"\u05d4\u05d4\u05e8\u05db\u05d1 \u05d4\u05e9\u05de\u05d7 \u05d1\u05d9\u05d5\u05ea\u05e8 \u05d1\u05de\u05d3\u05d9\u05e0\u05d4!\",\"potentialAction\":[{\"@type\":\"SearchAction\",\"target\":{\"@type\":\"EntryPoint\",\"urlTemplate\":\"https:\/\/revivoproject.com\/?s={search_term_string}\"},\"query-input\":\"required name=search_term_string\"}],\"inLanguage\":\"fr-FR\"}]}<\/script>\n<!-- \/ Yoast SEO plugin. -->","yoast_head_json":{"title":"Cha\u00eenes DJ - \u05d4\u05e4\u05e8\u05d5\u05d9\u05e7\u05d8 \u05e9\u05dc \u05e8\u05d1\u05d9\u05d1\u05d5 \u2013 \u05d4\u05d0\u05ea\u05e8 \u05d4\u05e8\u05e9\u05de\u05d9","robots":{"index":"index","follow":"follow","max-snippet":"max-snippet:-1","max-image-preview":"max-image-preview:large","max-video-preview":"max-video-preview:-1"},"canonical":"https:\/\/revivoproject.com\/fr\/chaines-dj\/","og_locale":"fr_FR","og_type":"article","og_title":"Cha\u00eenes DJ - \u05d4\u05e4\u05e8\u05d5\u05d9\u05e7\u05d8 \u05e9\u05dc \u05e8\u05d1\u05d9\u05d1\u05d5 \u2013 \u05d4\u05d0\u05ea\u05e8 \u05d4\u05e8\u05e9\u05de\u05d9","og_description":"Cha\u00eenes DJ Amateurs de remixes, DJs et gens de soir\u00e9es et d&rsquo;\u00e9v\u00e9nements cette page est pour vous. Yafa Ve Tama","og_url":"https:\/\/revivoproject.com\/fr\/chaines-dj\/","og_site_name":"\u05d4\u05e4\u05e8\u05d5\u05d9\u05e7\u05d8 \u05e9\u05dc \u05e8\u05d1\u05d9\u05d1\u05d5 \u2013 \u05d4\u05d0\u05ea\u05e8 \u05d4\u05e8\u05e9\u05de\u05d9","article_modified_time":"2022-12-04T14:27:25+00:00","twitter_card":"summary_large_image","schema":{"@context":"https:\/\/schema.org","@graph":[{"@type":"WebPage","@id":"https:\/\/revivoproject.com\/fr\/chaines-dj\/","url":"https:\/\/revivoproject.com\/fr\/chaines-dj\/","name":"Cha\u00eenes DJ - \u05d4\u05e4\u05e8\u05d5\u05d9\u05e7\u05d8 \u05e9\u05dc \u05e8\u05d1\u05d9\u05d1\u05d5 \u2013 \u05d4\u05d0\u05ea\u05e8 \u05d4\u05e8\u05e9\u05de\u05d9","isPartOf":{"@id":"https:\/\/revivoproject.com\/#website"},"datePublished":"2022-10-04T12:36:08+00:00","dateModified":"2022-12-04T14:27:25+00:00","breadcrumb":{"@id":"https:\/\/revivoproject.com\/fr\/chaines-dj\/#breadcrumb"},"inLanguage":"fr-FR","potentialAction":[{"@type":"ReadAction","target":["https:\/\/revivoproject.com\/fr\/chaines-dj\/"]}]},{"@type":"BreadcrumbList","@id":"https:\/\/revivoproject.com\/fr\/chaines-dj\/#breadcrumb","itemListElement":[{"@type":"ListItem","position":1,"name":"\u05d3\u05e3 \u05d4\u05d1\u05d9\u05ea","item":"https:\/\/revivoproject.com\/fr\/"},{"@type":"ListItem","position":2,"name":"Cha\u00eenes DJ"}]},{"@type":"WebSite","@id":"https:\/\/revivoproject.com\/#website","url":"https:\/\/revivoproject.com\/","name":"\u05d4\u05e4\u05e8\u05d5\u05d9\u05e7\u05d8 \u05e9\u05dc \u05e8\u05d1\u05d9\u05d1\u05d5 \u2013 \u05d4\u05d0\u05ea\u05e8 \u05d4\u05e8\u05e9\u05de\u05d9","description":"\u05d4\u05d4\u05e8\u05db\u05d1 \u05d4\u05e9\u05de\u05d7 \u05d1\u05d9\u05d5\u05ea\u05e8 \u05d1\u05de\u05d3\u05d9\u05e0\u05d4!","potentialAction":[{"@type":"SearchAction","target":{"@type":"EntryPoint","urlTemplate":"https:\/\/revivoproject.com\/?s={search_term_string}"},"query-input":"required name=search_term_string"}],"inLanguage":"fr-FR"}]}},"_links":{"self":[{"href":"https:\/\/revivoproject.com\/fr\/wp-json\/wp\/v2\/pages\/3173","targetHints":{"allow":["GET"]}}],"collection":[{"href":"https:\/\/revivoproject.com\/fr\/wp-json\/wp\/v2\/pages"}],"about":[{"href":"https:\/\/revivoproject.com\/fr\/wp-json\/wp\/v2\/types\/page"}],"author":[{"embeddable":true,"href":"https:\/\/revivoproject.com\/fr\/wp-json\/wp\/v2\/users\/18"}],"replies":[{"embeddable":true,"href":"https:\/\/revivoproject.com\/fr\/wp-json\/wp\/v2\/comments?post=3173"}],"version-history":[{"count":1,"href":"https:\/\/revivoproject.com\/fr\/wp-json\/wp\/v2\/pages\/3173\/revisions"}],"predecessor-version":[{"id":3174,"href":"https:\/\/revivoproject.com\/fr\/wp-json\/wp\/v2\/pages\/3173\/revisions\/3174"}],"wp:attachment":[{"href":"https:\/\/revivoproject.com\/fr\/wp-json\/wp\/v2\/media?parent=3173"}],"curies":[{"name":"wp","href":"https:\/\/api.w.org\/{rel}","templated":true}]}}